{"id":15029,"date":"2021-07-23T10:35:21","date_gmt":"2021-07-23T10:35:21","guid":{"rendered":"https:\/\/spets24.ee\/kontakt-3\/"},"modified":"2025-02-22T13:53:17","modified_gmt":"2025-02-22T13:53:17","slug":"kontakta","status":"publish","type":"page","link":"https:\/\/spets24.ee\/sv\/kontakta\/","title":{"rendered":"KONTAKTA"},"content":{"rendered":"\t\t<div data-elementor-type=\"wp-page\" data-elementor-id=\"15029\" class=\"elementor elementor-15029\">\n\t\t\t\t\t\t<section class=\"elementor-section elementor-top-section elementor-element elementor-element-c3ebb2d elementor-section-full_width elementor-section-height-default elementor-section-height-default\" data-id=\"c3ebb2d\" data-element_type=\"section\">\n\t\t\t\t\t\t<div class=\"elementor-container elementor-column-gap-no\">\n\t\t\t\t\t<div class=\"elementor-column elementor-col-100 elementor-top-column elementor-element elementor-element-2d43665\" data-id=\"2d43665\" data-element_type=\"column\">\n\t\t\t<div class=\"elementor-widget-wrap elementor-element-populated\">\n\t\t\t\t\t\t<div class=\"elementor-element elementor-element-80e128e elementor-widget elementor-widget-google_maps\" data-id=\"80e128e\" data-element_type=\"widget\" data-widget_type=\"google_maps.default\">\n\t\t\t\t<div class=\"elementor-widget-container\">\n\t\t\t\t\t\t\t<div class=\"elementor-custom-embed\">\n\t\t\t<iframe loading=\"lazy\"\n\t\t\t\t\tsrc=\"https:\/\/maps.google.com\/maps?q=Tehnika%2024%2C%2010149%20Tallinn%20Estonia&#038;t=m&#038;z=14&#038;output=embed&#038;iwloc=near\"\n\t\t\t\t\ttitle=\"Tehnika 24, 10149 Tallinn Estonia\"\n\t\t\t\t\taria-label=\"Tehnika 24, 10149 Tallinn Estonia\"\n\t\t\t><\/iframe>\n\t\t<\/div>\n\t\t\t\t\t\t<\/div>\n\t\t\t\t<\/div>\n\t\t\t\t\t<\/div>\n\t\t<\/div>\n\t\t\t\t\t<\/div>\n\t\t<\/section>\n\t\t\t\t<section class=\"elementor-section elementor-top-section elementor-element elementor-element-3755087 elementor-section-boxed elementor-section-height-default elementor-section-height-default\" data-id=\"3755087\" data-element_type=\"section\">\n\t\t\t\t\t\t<div class=\"elementor-container elementor-column-gap-default\">\n\t\t\t\t\t<div class=\"elementor-column elementor-col-50 elementor-top-column elementor-element elementor-element-188251c\" data-id=\"188251c\" data-element_type=\"column\">\n\t\t\t<div class=\"elementor-widget-wrap elementor-element-populated\">\n\t\t\t\t\t\t<div class=\"elementor-element elementor-element-7d226d9 elementor-widget elementor-widget-heading\" data-id=\"7d226d9\" data-element_type=\"widget\" data-widget_type=\"heading.default\">\n\t\t\t\t<div class=\"elementor-widget-container\">\n\t\t\t\t\t<h2 class=\"elementor-heading-title elementor-size-default\">KONTAKT<\/h2>\t\t\t\t<\/div>\n\t\t\t\t<\/div>\n\t\t\t\t<div class=\"elementor-element elementor-element-8ec51ef elementor-widget elementor-widget-text-editor\" data-id=\"8ec51ef\" data-element_type=\"widget\" data-widget_type=\"text-editor.default\">\n\t\t\t\t<div class=\"elementor-widget-container\">\n\t\t\t\t\t\t\t\t\t<p>Spets 24 O\u00dc<br \/><span style=\"font-size: 10pt;\">Reg.11084655<\/span><\/p><p>Tehnika 24,<br \/>10149 Tallinn, Estland<\/p><p><strong>+372 56 811 011<\/strong><br \/><strong>+372 601 03 24<\/strong><\/p><p>info@spets24.ee<\/p>\t\t\t\t\t\t\t\t<\/div>\n\t\t\t\t<\/div>\n\t\t\t\t\t<\/div>\n\t\t<\/div>\n\t\t\t\t<div class=\"elementor-column elementor-col-50 elementor-top-column elementor-element elementor-element-ef118aa\" data-id=\"ef118aa\" data-element_type=\"column\">\n\t\t\t<div class=\"elementor-widget-wrap elementor-element-populated\">\n\t\t\t\t\t\t<div class=\"elementor-element elementor-element-30162fb elementor-widget elementor-widget-heading\" data-id=\"30162fb\" data-element_type=\"widget\" data-widget_type=\"heading.default\">\n\t\t\t\t<div class=\"elementor-widget-container\">\n\t\t\t\t\t<h2 class=\"elementor-heading-title elementor-size-default\">KONTORSTID<\/h2>\t\t\t\t<\/div>\n\t\t\t\t<\/div>\n\t\t\t\t<div class=\"elementor-element elementor-element-7b9647e elementor-widget elementor-widget-pp-business-hours\" data-id=\"7b9647e\" data-element_type=\"widget\" data-widget_type=\"pp-business-hours.default\">\n\t\t\t\t<div class=\"elementor-widget-container\">\n\t\t\t\t\t\t\t<div class=\"pp-business-hours\">\n\t\t\t\t\t\t\t\t\t\t\t\t\t\t<div class=\"pp-business-hours-row clearfix elementor-repeater-item-8088a8c\">\n\t\t\t\t\t\t\t\t\t\t\t<span class=\"pp-business-day\">\n\t\t\t\t\t\t\tM\u00e5ndag\t\t\t\t\t\t<\/span>\n\t\t\t\t\t\t\t\t\t\t<span class=\"pp-business-timing\">\n\t\t\t\t\t\t12:00 - 18:00\t\t\t\t\t<\/span>\n\t\t\t\t<\/div>\n\t\t\t\t\t\t\t\t\t\t\t\t<div class=\"pp-business-hours-row clearfix elementor-repeater-item-1c2c128\">\n\t\t\t\t\t\t\t\t\t\t\t<span class=\"pp-business-day\">\n\t\t\t\t\t\t\tTisdag \t\t\t\t\t\t<\/span>\n\t\t\t\t\t\t\t\t\t\t<span class=\"pp-business-timing\">\n\t\t\t\t\t\t12:00 - 18:00\t\t\t\t\t<\/span>\n\t\t\t\t<\/div>\n\t\t\t\t\t\t\t\t\t\t\t\t<div class=\"pp-business-hours-row clearfix elementor-repeater-item-36d3333\">\n\t\t\t\t\t\t\t\t\t\t\t<span class=\"pp-business-day\">\n\t\t\t\t\t\t\tOnsdag\t\t\t\t\t\t<\/span>\n\t\t\t\t\t\t\t\t\t\t<span class=\"pp-business-timing\">\n\t\t\t\t\t\t12:00 - 18:00\t\t\t\t\t<\/span>\n\t\t\t\t<\/div>\n\t\t\t\t\t\t\t\t\t\t\t\t<div class=\"pp-business-hours-row clearfix elementor-repeater-item-dd40b5d\">\n\t\t\t\t\t\t\t\t\t\t\t<span class=\"pp-business-day\">\n\t\t\t\t\t\t\tTorsdag\t\t\t\t\t\t<\/span>\n\t\t\t\t\t\t\t\t\t\t<span class=\"pp-business-timing\">\n\t\t\t\t\t\tSt\u00e4ngd\t\t\t\t\t<\/span>\n\t\t\t\t<\/div>\n\t\t\t\t\t\t\t\t\t\t\t\t<div class=\"pp-business-hours-row clearfix elementor-repeater-item-4979e48 row-closed\">\n\t\t\t\t\t\t\t\t\t\t\t<span class=\"pp-business-day\">\n\t\t\t\t\t\t\tFredag\t\t\t\t\t\t<\/span>\n\t\t\t\t\t\t\t\t\t\t<span class=\"pp-business-timing\">\n\t\t\t\t\t\tSt\u00e4ngd\t\t\t\t\t<\/span>\n\t\t\t\t<\/div>\n\t\t\t\t\t\t\t\t\t\t\t\t<div class=\"pp-business-hours-row clearfix elementor-repeater-item-5f44884 row-closed\">\n\t\t\t\t\t\t\t\t\t\t\t<span class=\"pp-business-day\">\n\t\t\t\t\t\t\tL\u00f6rdag\t\t\t\t\t\t<\/span>\n\t\t\t\t\t\t\t\t\t\t<span class=\"pp-business-timing\">\n\t\t\t\t\t\tSt\u00e4ngd\t\t\t\t\t<\/span>\n\t\t\t\t<\/div>\n\t\t\t\t\t\t\t\t\t\t\t\t<div class=\"pp-business-hours-row clearfix elementor-repeater-item-3e47ca9 row-closed\">\n\t\t\t\t\t\t\t\t\t\t\t<span class=\"pp-business-day\">\n\t\t\t\t\t\t\tS\u00f6ndag\t\t\t\t\t\t<\/span>\n\t\t\t\t\t\t\t\t\t\t<span class=\"pp-business-timing\">\n\t\t\t\t\t\tSt\u00e4ngd\t\t\t\t\t<\/span>\n\t\t\t\t<\/div>\n\t\t\t\t\t\t\t\t<\/div>\n\t\t\t\t\t\t<\/div>\n\t\t\t\t<\/div>\n\t\t\t\t\t<\/div>\n\t\t<\/div>\n\t\t\t\t\t<\/div>\n\t\t<\/section>\n\t\t\t\t<section class=\"elementor-section elementor-top-section elementor-element elementor-element-258af81 elementor-section-boxed elementor-section-height-default elementor-section-height-default\" data-id=\"258af81\" data-element_type=\"section\" data-settings=\"{&quot;background_background&quot;:&quot;classic&quot;}\">\n\t\t\t\t\t\t\t<div class=\"elementor-background-overlay\"><\/div>\n\t\t\t\t\t\t\t<div class=\"elementor-container elementor-column-gap-default\">\n\t\t\t\t\t<div class=\"elementor-column elementor-col-100 elementor-top-column elementor-element elementor-element-4ebf36d\" data-id=\"4ebf36d\" data-element_type=\"column\">\n\t\t\t<div class=\"elementor-widget-wrap elementor-element-populated\">\n\t\t\t\t\t\t<div class=\"elementor-element elementor-element-39972e19 elementor-widget elementor-widget-heading\" data-id=\"39972e19\" data-element_type=\"widget\" data-widget_type=\"heading.default\">\n\t\t\t\t<div class=\"elementor-widget-container\">\n\t\t\t\t\t<h2 class=\"elementor-heading-title elementor-size-default\">BE OM PRIS<\/h2>\t\t\t\t<\/div>\n\t\t\t\t<\/div>\n\t\t\t\t<div class=\"elementor-element elementor-element-9cc5e90 elementor-widget elementor-widget-heading\" data-id=\"9cc5e90\" data-element_type=\"widget\" data-widget_type=\"heading.default\">\n\t\t\t\t<div class=\"elementor-widget-container\">\n\t\t\t\t\t<h2 class=\"elementor-heading-title elementor-size-default\">Kontakta oss<\/h2>\t\t\t\t<\/div>\n\t\t\t\t<\/div>\n\t\t\t\t<div class=\"elementor-element elementor-element-9fb5f4f elementor-widget elementor-widget-text-editor\" data-id=\"9fb5f4f\" data-element_type=\"widget\" data-widget_type=\"text-editor.default\">\n\t\t\t\t<div class=\"elementor-widget-container\">\n\t\t\t\t\t\t\t\t\t<p>\n<div class=\"wpcf7 no-js\" id=\"wpcf7-f360-o1\" lang=\"en-US\" dir=\"ltr\" data-wpcf7-id=\"360\">\n<div class=\"screen-reader-response\"><p role=\"status\" aria-live=\"polite\" aria-atomic=\"true\"><\/p> <ul><\/ul><\/div>\n<form action=\"\/sv\/wp-json\/wp\/v2\/pages\/15029#wpcf7-f360-o1\" method=\"post\" class=\"wpcf7-form init\" aria-label=\"Contact form\" novalidate=\"novalidate\" data-status=\"init\">\n<fieldset class=\"hidden-fields-container\"><input type=\"hidden\" name=\"_wpcf7\" value=\"360\" \/><input type=\"hidden\" name=\"_wpcf7_version\" value=\"6.1.1\" \/><input type=\"hidden\" name=\"_wpcf7_locale\" value=\"en_US\" \/><input type=\"hidden\" name=\"_wpcf7_unit_tag\" value=\"wpcf7-f360-o1\" \/><input type=\"hidden\" name=\"_wpcf7_container_post\" value=\"0\" \/><input type=\"hidden\" name=\"_wpcf7_posted_data_hash\" value=\"\" \/><input type=\"hidden\" name=\"_wpcf7_recaptcha_response\" value=\"\" \/>\n<\/fieldset>\n<p><span class=\"wpcf7-form-control-wrap\" data-name=\"your-name\"><input size=\"40\" maxlength=\"400\" class=\"wpcf7-form-control wpcf7-text wpcf7-validates-as-required\" aria-required=\"true\" aria-invalid=\"false\" placeholder=\"Your Name \/ Company*\" value=\"\" type=\"text\" name=\"your-name\" \/><\/span>\n<\/p>\n<p><span class=\"wpcf7-form-control-wrap\" data-name=\"your-email\"><input size=\"40\" maxlength=\"400\" class=\"wpcf7-form-control wpcf7-email wpcf7-validates-as-required wpcf7-text wpcf7-validates-as-email\" aria-required=\"true\" aria-invalid=\"false\" placeholder=\"E-mail*\" value=\"\" type=\"email\" name=\"your-email\" \/><\/span>\n<\/p>\n<p><span class=\"wpcf7-form-control-wrap\" data-name=\"tel-351\"><input size=\"40\" maxlength=\"400\" class=\"wpcf7-form-control wpcf7-tel wpcf7-text wpcf7-validates-as-tel\" aria-invalid=\"false\" placeholder=\"Phone\" value=\"\" type=\"tel\" name=\"tel-351\" \/><\/span>\n<\/p>\n<p><span class=\"wpcf7-form-control-wrap\" data-name=\"your-subject\"><input size=\"40\" maxlength=\"400\" class=\"wpcf7-form-control wpcf7-text\" aria-invalid=\"false\" placeholder=\"Subject\" value=\"\" type=\"text\" name=\"your-subject\" \/><\/span>\n<\/p>\n<p><span class=\"wpcf7-form-control-wrap\" data-name=\"textarea-365\"><textarea cols=\"40\" rows=\"10\" maxlength=\"2000\" class=\"wpcf7-form-control wpcf7-textarea\" aria-invalid=\"false\" placeholder=\"Ask for the price \/ Questions\" name=\"textarea-365\"><\/textarea><\/span>\n<\/p>\n<p><span class=\"wpcf7-form-control-wrap\" data-name=\"upload-file-174\"><input size=\"40\" class=\"wpcf7-form-control wpcf7-drag-n-drop-file d-none\" aria-invalid=\"false\" type=\"file\" multiple=\"multiple\" data-name=\"upload-file-174\" data-type=\"gif|png|jpg|jpeg|pdf|xlsx|zip\" data-id=\"360\" data-version=\"free version 1.3.9.1\" accept=\".gif, .png, .jpg, .jpeg, .pdf, .xlsx, .zip\" \/><\/span>\n<\/p>\n<p><span id=\"wpcf7-69d65b141cbfd-wrapper\" class=\"wpcf7-form-control-wrap honeypot-878-wrap\" style=\"display:none !important; visibility:hidden !important;\"><label for=\"wpcf7-69d65b141cbfd-field\" class=\"hp-message\">Please leave this field empty.<\/label><input id=\"wpcf7-69d65b141cbfd-field\"  class=\"wpcf7-form-control wpcf7-text\" type=\"text\" name=\"honeypot-878\" value=\"\" size=\"40\" tabindex=\"-1\" autocomplete=\"new-password\" \/><\/span>\n<\/p>\n<p><input class=\"wpcf7-form-control wpcf7-submit has-spinner\" type=\"submit\" value=\"SEND\" \/>\n<\/p><p style=\"display: none !important;\" class=\"akismet-fields-container\" data-prefix=\"_wpcf7_ak_\"><label>&#916;<textarea name=\"_wpcf7_ak_hp_textarea\" cols=\"45\" rows=\"8\" maxlength=\"100\"><\/textarea><\/label><input type=\"hidden\" id=\"ak_js_1\" name=\"_wpcf7_ak_js\" value=\"68\"\/><script>document.getElementById( \"ak_js_1\" ).setAttribute( \"value\", ( new Date() ).getTime() );<\/script><\/p><div class=\"wpcf7-response-output\" aria-hidden=\"true\"><\/div>\n<\/form>\n<\/div>\n<\/p>\t\t\t\t\t\t\t\t<\/div>\n\t\t\t\t<\/div>\n\t\t\t\t\t<\/div>\n\t\t<\/div>\n\t\t\t\t\t<\/div>\n\t\t<\/section>\n\t\t\t\t<\/div>\n\t\t","protected":false},"excerpt":{"rendered":"<p>KONTAKT Spets 24 O\u00dcReg.11084655 Tehnika 24,10149 Tallinn, Estland +372 56 811 011+372 601 03 24 info@spets24.ee KONTORSTID M\u00e5ndag 12:00 &#8211; 18:00 Tisdag 12:00 &#8211; 18:00 Onsdag 12:00 &#8211; 18:00 Torsdag St\u00e4ngd Fredag<a class=\"moretag\" href=\"https:\/\/spets24.ee\/sv\/kontakta\/\">Read More&#8230;<\/a><\/p>\n","protected":false},"author":1,"featured_media":0,"parent":0,"menu_order":0,"comment_status":"closed","ping_status":"closed","template":"elementor_header_footer","meta":{"_mbp_gutenberg_autopost":false,"footnotes":""},"class_list":["post-15029","page","type-page","status-publish","hentry"],"yoast_head":"<!-- This site is optimized with the Yoast SEO plugin v25.8 - https:\/\/yoast.com\/wordpress\/plugins\/seo\/ -->\n<title>KONTAKTA - SPETS24<\/title>\n<meta name=\"robots\" content=\"index, follow, max-snippet:-1, max-image-preview:large, max-video-preview:-1\" \/>\n<link rel=\"canonical\" href=\"https:\/\/spets24.ee\/kontaktid\/\" \/>\n<meta property=\"og:locale\" content=\"sv_SE\" \/>\n<meta property=\"og:type\" content=\"article\" \/>\n<meta property=\"og:title\" content=\"KONTAKTA - SPETS24\" \/>\n<meta property=\"og:description\" content=\"KONTAKT Spets 24 O\u00dcReg.11084655 Tehnika 24,10149 Tallinn, Estland +372 56 811 011+372 601 03 24 info@spets24.ee KONTORSTID M\u00e5ndag 12:00 &#8211; 18:00 Tisdag 12:00 &#8211; 18:00 Onsdag 12:00 &#8211; 18:00 Torsdag St\u00e4ngd FredagRead More...\" \/>\n<meta property=\"og:url\" content=\"https:\/\/spets24.ee\/kontaktid\/\" \/>\n<meta property=\"og:site_name\" content=\"SPETS24\" \/>\n<meta property=\"article:publisher\" content=\"https:\/\/www.facebook.com\/Spets24\" \/>\n<meta property=\"article:modified_time\" content=\"2025-02-22T13:53:17+00:00\" \/>\n<meta name=\"twitter:card\" content=\"summary_large_image\" \/>\n<meta name=\"twitter:label1\" content=\"Ber\u00e4knad l\u00e4stid\" \/>\n\t<meta name=\"twitter:data1\" content=\"1 minut\" \/>\n<script type=\"application\/ld+json\" class=\"yoast-schema-graph\">{\"@context\":\"https:\/\/schema.org\",\"@graph\":[{\"@type\":\"WebPage\",\"@id\":\"https:\/\/spets24.ee\/kontaktid\/\",\"url\":\"https:\/\/spets24.ee\/kontaktid\/\",\"name\":\"KONTAKTA - SPETS24\",\"isPartOf\":{\"@id\":\"https:\/\/spets24.ee\/es\/#website\"},\"datePublished\":\"2021-07-23T10:35:21+00:00\",\"dateModified\":\"2025-02-22T13:53:17+00:00\",\"breadcrumb\":{\"@id\":\"https:\/\/spets24.ee\/kontaktid\/#breadcrumb\"},\"inLanguage\":\"sv-SE\",\"potentialAction\":[{\"@type\":\"ReadAction\",\"target\":[\"https:\/\/spets24.ee\/kontaktid\/\"]}]},{\"@type\":\"BreadcrumbList\",\"@id\":\"https:\/\/spets24.ee\/kontaktid\/#breadcrumb\",\"itemListElement\":[{\"@type\":\"ListItem\",\"position\":1,\"name\":\"Home\",\"item\":\"https:\/\/spets24.ee\/\"},{\"@type\":\"ListItem\",\"position\":2,\"name\":\"KONTAKTA\"}]},{\"@type\":\"WebSite\",\"@id\":\"https:\/\/spets24.ee\/es\/#website\",\"url\":\"https:\/\/spets24.ee\/es\/\",\"name\":\"SPETS24\",\"description\":\"ELEKTROONIKA JA ARVUTITE REMONT\",\"potentialAction\":[{\"@type\":\"SearchAction\",\"target\":{\"@type\":\"EntryPoint\",\"urlTemplate\":\"https:\/\/spets24.ee\/es\/?s={search_term_string}\"},\"query-input\":{\"@type\":\"PropertyValueSpecification\",\"valueRequired\":true,\"valueName\":\"search_term_string\"}}],\"inLanguage\":\"sv-SE\"}]}<\/script>\n<!-- \/ Yoast SEO plugin. -->","yoast_head_json":{"title":"KONTAKTA - SPETS24","robots":{"index":"index","follow":"follow","max-snippet":"max-snippet:-1","max-image-preview":"max-image-preview:large","max-video-preview":"max-video-preview:-1"},"canonical":"https:\/\/spets24.ee\/kontaktid\/","og_locale":"sv_SE","og_type":"article","og_title":"KONTAKTA - SPETS24","og_description":"KONTAKT Spets 24 O\u00dcReg.11084655 Tehnika 24,10149 Tallinn, Estland +372 56 811 011+372 601 03 24 info@spets24.ee KONTORSTID M\u00e5ndag 12:00 &#8211; 18:00 Tisdag 12:00 &#8211; 18:00 Onsdag 12:00 &#8211; 18:00 Torsdag St\u00e4ngd FredagRead More...","og_url":"https:\/\/spets24.ee\/kontaktid\/","og_site_name":"SPETS24","article_publisher":"https:\/\/www.facebook.com\/Spets24","article_modified_time":"2025-02-22T13:53:17+00:00","twitter_card":"summary_large_image","twitter_misc":{"Ber\u00e4knad l\u00e4stid":"1 minut"},"schema":{"@context":"https:\/\/schema.org","@graph":[{"@type":"WebPage","@id":"https:\/\/spets24.ee\/kontaktid\/","url":"https:\/\/spets24.ee\/kontaktid\/","name":"KONTAKTA - SPETS24","isPartOf":{"@id":"https:\/\/spets24.ee\/es\/#website"},"datePublished":"2021-07-23T10:35:21+00:00","dateModified":"2025-02-22T13:53:17+00:00","breadcrumb":{"@id":"https:\/\/spets24.ee\/kontaktid\/#breadcrumb"},"inLanguage":"sv-SE","potentialAction":[{"@type":"ReadAction","target":["https:\/\/spets24.ee\/kontaktid\/"]}]},{"@type":"BreadcrumbList","@id":"https:\/\/spets24.ee\/kontaktid\/#breadcrumb","itemListElement":[{"@type":"ListItem","position":1,"name":"Home","item":"https:\/\/spets24.ee\/"},{"@type":"ListItem","position":2,"name":"KONTAKTA"}]},{"@type":"WebSite","@id":"https:\/\/spets24.ee\/es\/#website","url":"https:\/\/spets24.ee\/es\/","name":"SPETS24","description":"ELEKTROONIKA JA ARVUTITE REMONT","potentialAction":[{"@type":"SearchAction","target":{"@type":"EntryPoint","urlTemplate":"https:\/\/spets24.ee\/es\/?s={search_term_string}"},"query-input":{"@type":"PropertyValueSpecification","valueRequired":true,"valueName":"search_term_string"}}],"inLanguage":"sv-SE"}]}},"_links":{"self":[{"href":"https:\/\/spets24.ee\/sv\/wp-json\/wp\/v2\/pages\/15029","targetHints":{"allow":["GET"]}}],"collection":[{"href":"https:\/\/spets24.ee\/sv\/wp-json\/wp\/v2\/pages"}],"about":[{"href":"https:\/\/spets24.ee\/sv\/wp-json\/wp\/v2\/types\/page"}],"author":[{"embeddable":true,"href":"https:\/\/spets24.ee\/sv\/wp-json\/wp\/v2\/users\/1"}],"replies":[{"embeddable":true,"href":"https:\/\/spets24.ee\/sv\/wp-json\/wp\/v2\/comments?post=15029"}],"version-history":[{"count":31,"href":"https:\/\/spets24.ee\/sv\/wp-json\/wp\/v2\/pages\/15029\/revisions"}],"predecessor-version":[{"id":19597,"href":"https:\/\/spets24.ee\/sv\/wp-json\/wp\/v2\/pages\/15029\/revisions\/19597"}],"wp:attachment":[{"href":"https:\/\/spets24.ee\/sv\/wp-json\/wp\/v2\/media?parent=15029"}],"curies":[{"name":"wp","href":"https:\/\/api.w.org\/{rel}","templated":true}]}}